{"id":976,"date":"2022-02-04T18:36:04","date_gmt":"2022-02-04T18:36:04","guid":{"rendered":"https:\/\/naturalcare.de\/de\/?page_id=976"},"modified":"2022-09-12T17:33:49","modified_gmt":"2022-09-12T17:33:49","slug":"intensati","status":"publish","type":"page","link":"https:\/\/naturalcare.de\/de\/intensati\/","title":{"rendered":"intenSati"},"content":{"rendered":"<p>[et_pb_section fb_built=&#8220;1&#8243; fullwidth=&#8220;on&#8220; _builder_version=&#8220;4.16&#8243; background_enable_color=&#8220;off&#8220; background_enable_image=&#8220;off&#8220; global_colors_info=&#8220;{}&#8220;][et_pb_fullwidth_header title=&#8220;Nichts ist so best\u00e4ndig wie die Ver\u00e4nderung!&#8220; _builder_version=&#8220;4.16&#8243; title_level=&#8220;h3&#8243; title_font=&#8220;Poppins|700|||||||&#8220; title_text_align=&#8220;left&#8220; title_font_size=&#8220;32px&#8220; title_line_height=&#8220;1.2em&#8220; content_font=&#8220;Poppins|700|||||||&#8220; content_text_align=&#8220;left&#8220; content_font_size=&#8220;23px&#8220; content_letter_spacing=&#8220;1px&#8220; subhead_font=&#8220;Poppins||on||||||&#8220; subhead_text_align=&#8220;right&#8220; background_color=&#8220;rgba(0,0,0,0)&#8220; background_image=&#8220;https:\/\/naturalcare.de\/de\/wp-content\/uploads\/sites\/2\/2020\/07\/Lake-Tekapo-panorama-rot-70.jpg&#8220; title_text_shadow_style=&#8220;preset1&#8243; title_text_shadow_vertical_length=&#8220;0.13em&#8220; title_text_shadow_color=&#8220;rgba(0,0,0,0.24)&#8220; global_colors_info=&#8220;{}&#8220;][\/et_pb_fullwidth_header][\/et_pb_section][et_pb_section fb_built=&#8220;1&#8243; _builder_version=&#8220;4.16&#8243; global_colors_info=&#8220;{}&#8220;][et_pb_row _builder_version=&#8220;4.16&#8243; global_colors_info=&#8220;{}&#8220;][et_pb_column type=&#8220;4_4&#8243; _builder_version=&#8220;4.16&#8243; global_colors_info=&#8220;{}&#8220;][et_pb_text _builder_version=&#8220;4.16&#8243; header_font=&#8220;Poppins||||||||&#8220; header_text_color=&#8220;#bf4539&#8243; header_font_size=&#8220;36px&#8220; custom_margin=&#8220;||-1px|||&#8220; global_colors_info=&#8220;{}&#8220;]<\/p>\n<h1><strong>intenSati<\/strong><\/h1>\n<p>[\/et_pb_text][et_pb_divider color=&#8220;#fdb467&#8243; divider_position=&#8220;center&#8220; divider_weight=&#8220;3px&#8220; _builder_version=&#8220;4.16&#8243; max_width=&#8220;50px&#8220; module_alignment=&#8220;left&#8220; animation_style=&#8220;slide&#8220; animation_direction=&#8220;top&#8220; animation_intensity_slide=&#8220;10%&#8220; animation_starting_opacity=&#8220;100%&#8220; global_colors_info=&#8220;{}&#8220;][\/et_pb_divider][\/et_pb_column][\/et_pb_row][et_pb_row column_structure=&#8220;2_3,1_3&#8243; _builder_version=&#8220;4.16&#8243; global_colors_info=&#8220;{}&#8220;][et_pb_column type=&#8220;2_3&#8243; _builder_version=&#8220;4.16&#8243; global_colors_info=&#8220;{}&#8220;][et_pb_text _builder_version=&#8220;4.16&#8243; text_font=&#8220;Poppins||||||||&#8220; text_text_color=&#8220;#595651&#8243; text_font_size=&#8220;16px&#8220; text_line_height=&#8220;1.8em&#8220; global_colors_info=&#8220;{}&#8220;]<\/p>\n<p>intenSati &#8211; was verbirgt sich dahinter? inten von intention=Absicht und Sati=mindfulness=Achtsamkeit. intenSati ist die perfekte Kombination aus physischer Fitness und mentaler\/emotionaler Fitness durch ein Cardio-Training zusammen mit Affirmationen.<\/p>\n<p>Es macht gute Laune, bringt Spa\u00df, hebt die Stimmung und hilft dir, eine neues Mindset zu kreieren.\u00a0<\/p>\n<p>Raus aus den alten, Energie raubenden Glaubensmustern, und hinein in neue, Energie spendende, st\u00e4rkende Glaubenss\u00e4tze wie: &#8222;Ich bin st\u00e4rker als ich denke und mutiger als ich glaube.&#8220;<\/p>\n<p>intenSati bietet dir alles von Cardio-Training angefangen, Stimmungs-Booster durch Affirmationen, gute Musik dazu, Elemente aus dem Yoga und der Meditation und jede Menge Fitness f\u00fcr K\u00f6rper, Geist und Seele. Es ist f\u00fcr mich die einzige ganzheitliche Herangehensweise im Bereich Fitness-Training und erstmalig hier in Deutschland auf Deutsch und in Englisch.\u00a0<\/p>\n<p>[\/et_pb_text][et_pb_blurb title=&#8220;Neu:&#8220; use_icon=&#8220;on&#8220; font_icon=&#8220;&#xe0e3;||divi||400&#8243; icon_color=&#8220;#BF4539&#8243; icon_placement=&#8220;left&#8220; _builder_version=&#8220;4.16&#8243; _module_preset=&#8220;default&#8220; global_colors_info=&#8220;{}&#8220;]<\/p>\n<p>Alle Informationen und Angebote findest du nun auch auf unserer neuen Website <a href=\"https:\/\/www.intensati.de\" target=\"_blank\" rel=\"noopener\">intensati.de<\/a><\/p>\n<p>[\/et_pb_blurb][et_pb_audio audio=&#8220;https:\/\/www.digitales-marketing-luebeck.de\/podcast_220204.mp3&#8243; title=&#8220;Podcast intenSati&#8220; _builder_version=&#8220;4.16&#8243; _module_preset=&#8220;default&#8220; global_colors_info=&#8220;{}&#8220;][\/et_pb_audio][\/et_pb_column][et_pb_column type=&#8220;1_3&#8243; _builder_version=&#8220;4.16&#8243; background_color=&#8220;RGBA(255,255,255,0)&#8220; global_colors_info=&#8220;{}&#8220;][et_pb_text _builder_version=&#8220;4.16&#8243; _module_preset=&#8220;default&#8220; custom_margin=&#8220;||0px|||&#8220; global_colors_info=&#8220;{}&#8220;]<\/p>\n<h2>Affirmationen<\/h2>\n<p>[\/et_pb_text][et_pb_text _builder_version=&#8220;4.18.0&#8243; _module_preset=&#8220;default&#8220; header_2_line_height=&#8220;1.3em&#8220; header_3_line_height=&#8220;1.3em&#8220; custom_margin=&#8220;40px||5px|||&#8220; hover_enabled=&#8220;0&#8243; global_colors_info=&#8220;{}&#8220; sticky_enabled=&#8220;0&#8243;]<\/p>\n<h3>intenSati Kurs \u201eKraft des JETZT\u201c<\/h3>\n<p>[\/et_pb_text][et_pb_button button_url=&#8220;https:\/\/naturalcare.de\/de\/wp-content\/uploads\/sites\/2\/2022\/09\/Affirmationen-Deutsch-intenSati-Juli-_Die-Kraft-des-JETZT_.pdf&#8220; url_new_window=&#8220;on&#8220; button_text=&#8220;Download (PDF)&#8220; _builder_version=&#8220;4.18.0&#8243; _module_preset=&#8220;default&#8220; custom_button=&#8220;on&#8220; button_text_size=&#8220;20px&#8220; button_text_color=&#8220;#ffffff&#8220; button_bg_color=&#8220;#bf4539&#8243; button_border_width=&#8220;0px&#8220; button_border_color=&#8220;#fdb467&#8243; button_border_radius=&#8220;50px&#8220; button_letter_spacing=&#8220;2px&#8220; button_font=&#8220;Poppins|600||on|||||&#8220; button_icon=&#8220;&#x24;||divi||400&#8243; custom_margin=&#8220;3px|||||&#8220; animation_style=&#8220;fade&#8220; hover_enabled=&#8220;0&#8243; global_colors_info=&#8220;{}&#8220; sticky_enabled=&#8220;0&#8243;][\/et_pb_button][et_pb_text _builder_version=&#8220;4.18.0&#8243; _module_preset=&#8220;default&#8220; header_2_line_height=&#8220;1.3em&#8220; header_3_line_height=&#8220;1.3em&#8220; custom_margin=&#8220;23px||5px|||&#8220; hover_enabled=&#8220;0&#8243; global_colors_info=&#8220;{}&#8220; sticky_enabled=&#8220;0&#8243;]<\/p>\n<h3>Affirmationen \u2013 Serie \u201eIch w\u00e4hle anzunehmen\u201c<\/h3>\n<p>[\/et_pb_text][et_pb_button button_url=&#8220;https:\/\/naturalcare.de\/de\/wp-content\/uploads\/sites\/2\/2022\/09\/Affirmationen-Deutsch-intenSati-August-__Ich-wa\u0308hle-anzunehmen__.pdf&#8220; url_new_window=&#8220;on&#8220; button_text=&#8220;Download (PDF)&#8220; _builder_version=&#8220;4.18.0&#8243; _module_preset=&#8220;4b126b22-d129-44d7-a4e2-47cbf26e61bb&#8220; custom_button=&#8220;on&#8220; button_text_size=&#8220;20px&#8220; button_text_color=&#8220;#ffffff&#8220; button_bg_color=&#8220;#bf4539&#8243; button_border_width=&#8220;0px&#8220; button_border_color=&#8220;#fdb467&#8243; button_border_radius=&#8220;50px&#8220; button_letter_spacing=&#8220;2px&#8220; button_font=&#8220;Poppins|600||on|||||&#8220; button_icon=&#8220;&#x24;||divi||400&#8243; custom_margin=&#8220;1px|||||&#8220; animation_style=&#8220;fade&#8220; hover_enabled=&#8220;0&#8243; global_colors_info=&#8220;{}&#8220; sticky_enabled=&#8220;0&#8243;][\/et_pb_button][et_pb_text _builder_version=&#8220;4.16&#8243; _module_preset=&#8220;default&#8220; global_colors_info=&#8220;{}&#8220;]<\/p>\n<p><strong>\u00a9 Copyright <span>Doris Kalkhorst-Martens<\/span><\/strong><\/p>\n<p>[\/et_pb_text][\/et_pb_column][\/et_pb_row][et_pb_row _builder_version=&#8220;4.16&#8243; _module_preset=&#8220;default&#8220; global_colors_info=&#8220;{}&#8220;][et_pb_column type=&#8220;4_4&#8243; _builder_version=&#8220;4.16&#8243; _module_preset=&#8220;default&#8220; global_colors_info=&#8220;{}&#8220;][et_pb_video src=&#8220;https:\/\/naturalcare.de\/de\/wp-content\/uploads\/sites\/2\/2022\/02\/IntenSati_Meine_Kraft_liegt_in_mir_Teil_3_V1.mp4&#8243; _builder_version=&#8220;4.16&#8243; _module_preset=&#8220;default&#8220; global_colors_info=&#8220;{}&#8220;][\/et_pb_video][\/et_pb_column][\/et_pb_row][et_pb_row _builder_version=&#8220;4.16&#8243; global_colors_info=&#8220;{}&#8220;][et_pb_column type=&#8220;4_4&#8243; _builder_version=&#8220;4.16&#8243; global_colors_info=&#8220;{}&#8220;][et_pb_code _builder_version=&#8220;4.16&#8243; _module_preset=&#8220;default&#8220; global_colors_info=&#8220;{}&#8220;]<!-- Fitogram Booking Tool starts here --><!-- [et_pb_line_break_holder] --><\/p>\n<div id=\"fitogram-booking-tool\"><\/div>\n<p><!-- [et_pb_line_break_holder] --><script type=\"text\/javascript\" src=\"https:\/\/widget.fitogram.pro\/widget.min.js\"><\/script><!-- [et_pb_line_break_holder] --><script><!-- [et_pb_line_break_holder] -->  Widget.default.config({ domain: 'naturalcare-intensati', loginTarget: 'list-view', selector: '#fitogram-booking-tool' });<!-- [et_pb_line_break_holder] -->  Widget.default.calendar.new().render();<!-- [et_pb_line_break_holder] --><\/script><!-- [et_pb_line_break_holder] --><!-- Fitogram Booking Tool ends here -->[\/et_pb_code][\/et_pb_column][\/et_pb_row][\/et_pb_section][et_pb_section fb_built=&#8220;1&#8243; _builder_version=&#8220;4.16&#8243; _module_preset=&#8220;default&#8220; global_colors_info=&#8220;{}&#8220;][et_pb_row _builder_version=&#8220;4.16&#8243; _module_preset=&#8220;default&#8220; global_colors_info=&#8220;{}&#8220;][et_pb_column type=&#8220;4_4&#8243; _builder_version=&#8220;4.16&#8243; _module_preset=&#8220;default&#8220; global_colors_info=&#8220;{}&#8220;][et_pb_text _builder_version=&#8220;4.16&#8243; _module_preset=&#8220;default&#8220; global_colors_info=&#8220;{}&#8220;]<\/p>\n<p><strong>\u00a9 Copyright 2022 \u2013 <\/strong><strong>Urheberrechtshinweis<\/strong><\/p>\n<p>Alle Inhalte dieses Internetangebots, insbesondere Texte, Fotografien und Grafiken, sind urheberrechtlich gesch\u00fctzt. Das Urheberrecht liegt, soweit nicht ausdr\u00fccklich anders gekennzeichnet, bei Doris Kalkhorst-Martens. Bitte fragen Sie mich, falls Sie die Inhalte dieses Internetangebotes verwenden m\u00f6chten.\u00a0<\/p>\n<p>Wer gegen das Urheberrecht verst\u00f6\u00dft (z.B. Bilder oder Texte unerlaubt kopiert), macht sich gem.\u00a0<a href=\"https:\/\/dejure.org\/gesetze\/UrhG\/106.html\">\u00a7\u00a7 106 ff UrhG<\/a>\u00a0strafbar, wird zudem kostenpflichtig abgemahnt und muss Schadensersatz leisten (<a href=\"https:\/\/dejure.org\/gesetze\/UrhG\/97.html\">\u00a7\u00a097 UrhG<\/a>).<\/p>\n<p>[\/et_pb_text][\/et_pb_column][\/et_pb_row][\/et_pb_section]<\/p>\n","protected":false},"excerpt":{"rendered":"<p>intenSatiintenSati &#8211; was verbirgt sich dahinter? inten von intention=Absicht und Sati=mindfulness=Achtsamkeit. intenSati ist die perfekte Kombination aus physischer Fitness und mentaler\/emotionaler Fitness durch ein Cardio-Training zusammen mit Affirmationen. Es macht gute Laune, bringt Spa\u00df, hebt die Stimmung und hilft dir, eine neues Mindset zu kreieren.\u00a0 Raus aus den alten, Energie raubenden Glaubensmustern, und hinein in [&hellip;]<\/p>\n","protected":false},"author":4,"featured_media":0,"parent":0,"menu_order":0,"comment_status":"closed","ping_status":"closed","template":"","meta":{"_et_pb_use_builder":"on","_et_pb_old_content":"","_et_gb_content_width":"","inline_featured_image":false},"_links":{"self":[{"href":"https:\/\/naturalcare.de\/de\/wp-json\/wp\/v2\/pages\/976"}],"collection":[{"href":"https:\/\/naturalcare.de\/de\/wp-json\/wp\/v2\/pages"}],"about":[{"href":"https:\/\/naturalcare.de\/de\/wp-json\/wp\/v2\/types\/page"}],"author":[{"embeddable":true,"href":"https:\/\/naturalcare.de\/de\/wp-json\/wp\/v2\/users\/4"}],"replies":[{"embeddable":true,"href":"https:\/\/naturalcare.de\/de\/wp-json\/wp\/v2\/comments?post=976"}],"version-history":[{"count":25,"href":"https:\/\/naturalcare.de\/de\/wp-json\/wp\/v2\/pages\/976\/revisions"}],"predecessor-version":[{"id":1045,"href":"https:\/\/naturalcare.de\/de\/wp-json\/wp\/v2\/pages\/976\/revisions\/1045"}],"wp:attachment":[{"href":"https:\/\/naturalcare.de\/de\/wp-json\/wp\/v2\/media?parent=976"}],"curies":[{"name":"wp","href":"https:\/\/api.w.org\/{rel}","templated":true}]}}