{"id":45,"date":"2020-05-28T18:09:55","date_gmt":"2020-05-28T18:09:55","guid":{"rendered":"https:\/\/naturalcare.vincentwebdesign.de\/?page_id=45"},"modified":"2020-11-23T16:55:44","modified_gmt":"2020-11-23T16:55:44","slug":"seminare","status":"publish","type":"page","link":"https:\/\/naturalcare.de\/de\/dates\/seminare\/","title":{"rendered":"Seminare"},"content":{"rendered":"<p>[et_pb_section fb_built=&#8220;1&#8243; fullwidth=&#8220;on&#8220; _builder_version=&#8220;4.4.8&#8243; background_enable_color=&#8220;off&#8220; background_enable_image=&#8220;off&#8220;][et_pb_fullwidth_header title=&#8220;\u201eSelbstvertrauen ist das erste Geheimnis des Erfolges.\u201c &#8220; subhead=&#8220;Ralph Waldo Emerson&#8220; _builder_version=&#8220;4.5.1&#8243; title_level=&#8220;h3&#8243; title_font=&#8220;Poppins|700|||||||&#8220; title_text_align=&#8220;left&#8220; title_font_size=&#8220;32px&#8220; title_line_height=&#8220;1.2em&#8220; content_font=&#8220;Poppins||||||||&#8220; content_text_align=&#8220;left&#8220; content_font_size=&#8220;18px&#8220; content_letter_spacing=&#8220;1px&#8220; content_line_height=&#8220;1.8em&#8220; subhead_font=&#8220;Poppins||on||||||&#8220; subhead_text_align=&#8220;right&#8220; background_color=&#8220;rgba(0,0,0,0)&#8220; background_image=&#8220;https:\/\/naturalcare.de\/wp-content\/uploads\/2020\/07\/Lake-Tekapo-panorama-rot-70.jpg&#8220; title_text_shadow_style=&#8220;preset1&#8243; title_text_shadow_vertical_length=&#8220;0.13em&#8220; title_text_shadow_color=&#8220;rgba(0,0,0,0.24)&#8220; locked=&#8220;off&#8220;][\/et_pb_fullwidth_header][\/et_pb_section][et_pb_section fb_built=&#8220;1&#8243; _builder_version=&#8220;4.5.1&#8243; _module_preset=&#8220;default&#8220; background_color=&#8220;#eae8e8&#8243; custom_padding=&#8220;2px||3px|||&#8220; locked=&#8220;off&#8220;][et_pb_row _builder_version=&#8220;4.5.1&#8243; _module_preset=&#8220;default&#8220;][et_pb_column type=&#8220;4_4&#8243; _builder_version=&#8220;4.5.1&#8243; _module_preset=&#8220;default&#8220;][et_pb_blurb use_icon=&#8220;on&#8220; font_icon=&#8220;%%80%%&#8220; icon_color=&#8220;#d9a404&#8243; icon_placement=&#8220;left&#8220; content_max_width=&#8220;100%&#8220; _builder_version=&#8220;4.5.1&#8243; _module_preset=&#8220;default&#8220; body_font=&#8220;Poppins||||||||&#8220; body_text_align=&#8220;left&#8220; body_text_color=&#8220;#bf4539&#8243;]<\/p>\n<p>Bedingt durch <strong>COVID-19<\/strong> und die damit verbundenen Einschr\u00e4nkungen, k\u00f6nnen sich einige Termine eventuell verschieben auf ein sp\u00e4teres Datum. Ich bitte um Ihr Verst\u00e4ndnis f\u00fcr irgendwelche Unannehmlichkeiten bedingt durch die augenblicklichen Umst\u00e4nde. Ihre Gesundheit ist mir wichtig!<\/p>\n<p>[\/et_pb_blurb][\/et_pb_column][\/et_pb_row][\/et_pb_section][et_pb_section fb_built=&#8220;1&#8243; _builder_version=&#8220;4.4.7&#8243;][et_pb_row _builder_version=&#8220;4.4.7&#8243;][et_pb_column type=&#8220;4_4&#8243; _builder_version=&#8220;4.4.7&#8243;][et_pb_text _builder_version=&#8220;4.5.6&#8243; header_font=&#8220;Poppins|700|||||||&#8220; header_text_color=&#8220;#bf4539&#8243; header_font_size=&#8220;36px&#8220; custom_margin=&#8220;||-1px|||&#8220;]<\/p>\n<h1>Seminare<\/h1>\n<p>[\/et_pb_text][et_pb_divider color=&#8220;#fdb467&#8243; divider_position=&#8220;center&#8220; divider_weight=&#8220;3px&#8220; _builder_version=&#8220;4.4.7&#8243; max_width=&#8220;50px&#8220; module_alignment=&#8220;left&#8220; animation_style=&#8220;slide&#8220; animation_direction=&#8220;top&#8220; animation_intensity_slide=&#8220;10%&#8220; animation_starting_opacity=&#8220;100%&#8220;][\/et_pb_divider][\/et_pb_column][\/et_pb_row][et_pb_row _builder_version=&#8220;4.4.9&#8243;][et_pb_column type=&#8220;4_4&#8243; _builder_version=&#8220;4.4.9&#8243;][et_pb_blog include_categories=&#8220;5&#8243; show_more=&#8220;on&#8220; show_author=&#8220;off&#8220; show_date=&#8220;off&#8220; show_categories=&#8220;off&#8220; _builder_version=&#8220;4.5.1&#8243; header_font=&#8220;Poppins||||||||&#8220; header_line_height=&#8220;1.8em&#8220; body_font=&#8220;Poppins||||||||&#8220; body_text_color=&#8220;#707070&#8243; read_more_font=&#8220;Poppins|||on|||||&#8220; read_more_text_color=&#8220;#bf4539&#8243;][\/et_pb_blog][\/et_pb_column][\/et_pb_row][\/et_pb_section]<\/p>\n","protected":false},"excerpt":{"rendered":"<p>Bedingt durch COVID-19 und die damit verbundenen Einschr\u00e4nkungen, k\u00f6nnen sich einige Termine eventuell verschieben auf ein sp\u00e4teres Datum. Ich bitte um Ihr Verst\u00e4ndnis f\u00fcr irgendwelche Unannehmlichkeiten bedingt durch die augenblicklichen Umst\u00e4nde. Ihre Gesundheit ist mir wichtig!Seminare<\/p>\n","protected":false},"author":1,"featured_media":0,"parent":27,"menu_order":0,"comment_status":"closed","ping_status":"closed","template":"","meta":{"_et_pb_use_builder":"on","_et_pb_old_content":"<!-- wp:divi\/placeholder \/-->","_et_gb_content_width":"","inline_featured_image":false},"_links":{"self":[{"href":"https:\/\/naturalcare.de\/de\/wp-json\/wp\/v2\/pages\/45"}],"collection":[{"href":"https:\/\/naturalcare.de\/de\/wp-json\/wp\/v2\/pages"}],"about":[{"href":"https:\/\/naturalcare.de\/de\/wp-json\/wp\/v2\/types\/page"}],"author":[{"embeddable":true,"href":"https:\/\/naturalcare.de\/de\/wp-json\/wp\/v2\/users\/1"}],"replies":[{"embeddable":true,"href":"https:\/\/naturalcare.de\/de\/wp-json\/wp\/v2\/comments?post=45"}],"version-history":[{"count":12,"href":"https:\/\/naturalcare.de\/de\/wp-json\/wp\/v2\/pages\/45\/revisions"}],"predecessor-version":[{"id":838,"href":"https:\/\/naturalcare.de\/de\/wp-json\/wp\/v2\/pages\/45\/revisions\/838"}],"up":[{"embeddable":true,"href":"https:\/\/naturalcare.de\/de\/wp-json\/wp\/v2\/pages\/27"}],"wp:attachment":[{"href":"https:\/\/naturalcare.de\/de\/wp-json\/wp\/v2\/media?parent=45"}],"curies":[{"name":"wp","href":"https:\/\/api.w.org\/{rel}","templated":true}]}}