{"id":25,"date":"2020-05-28T17:01:57","date_gmt":"2020-05-28T17:01:57","guid":{"rendered":"https:\/\/naturalcare.vincentwebdesign.de\/?page_id=25"},"modified":"2022-05-28T10:13:39","modified_gmt":"2022-05-28T10:13:39","slug":"meine-angebote","status":"publish","type":"page","link":"https:\/\/naturalcare.de\/de\/meine-angebote\/","title":{"rendered":"Meine Angebote"},"content":{"rendered":"<p>[et_pb_section fb_built=&#8220;1&#8243; fullwidth=&#8220;on&#8220; _builder_version=&#8220;4.4.8&#8243; background_enable_color=&#8220;off&#8220; background_enable_image=&#8220;off&#8220; global_colors_info=&#8220;{}&#8220;][et_pb_fullwidth_header title=&#8220;Nichts ist so best\u00e4ndig wie die Ver\u00e4nderung!&#8220; _builder_version=&#8220;4.5.1&#8243; title_level=&#8220;h3&#8243; title_font=&#8220;Poppins|700|||||||&#8220; title_text_align=&#8220;left&#8220; title_font_size=&#8220;32px&#8220; title_line_height=&#8220;1.2em&#8220; content_font=&#8220;Poppins|700|||||||&#8220; content_text_align=&#8220;left&#8220; content_font_size=&#8220;23px&#8220; content_letter_spacing=&#8220;1px&#8220; subhead_font=&#8220;Poppins||on||||||&#8220; subhead_text_align=&#8220;right&#8220; background_color=&#8220;rgba(0,0,0,0)&#8220; background_image=&#8220;https:\/\/naturalcare.de\/de\/wp-content\/uploads\/sites\/2\/2020\/07\/Lake-Tekapo-panorama-rot-70.jpg&#8220; title_text_shadow_style=&#8220;preset1&#8243; title_text_shadow_vertical_length=&#8220;0.13em&#8220; title_text_shadow_color=&#8220;rgba(0,0,0,0.24)&#8220; global_colors_info=&#8220;{}&#8220;][\/et_pb_fullwidth_header][\/et_pb_section][et_pb_section fb_built=&#8220;1&#8243; _builder_version=&#8220;4.4.7&#8243; global_colors_info=&#8220;{}&#8220;][et_pb_row _builder_version=&#8220;4.4.7&#8243; global_colors_info=&#8220;{}&#8220;][et_pb_column type=&#8220;4_4&#8243; _builder_version=&#8220;4.4.7&#8243; global_colors_info=&#8220;{}&#8220;][et_pb_text _builder_version=&#8220;4.4.9&#8243; header_font=&#8220;Poppins||||||||&#8220; header_text_color=&#8220;#bf4539&#8243; header_font_size=&#8220;36px&#8220; custom_margin=&#8220;||-1px|||&#8220; global_colors_info=&#8220;{}&#8220;]<\/p>\n<h1><strong>Meine Angebote<\/strong><\/h1>\n<p>[\/et_pb_text][et_pb_divider color=&#8220;#fdb467&#8243; divider_position=&#8220;center&#8220; divider_weight=&#8220;3px&#8220; _builder_version=&#8220;4.4.7&#8243; max_width=&#8220;50px&#8220; module_alignment=&#8220;left&#8220; animation_style=&#8220;slide&#8220; animation_direction=&#8220;top&#8220; animation_intensity_slide=&#8220;10%&#8220; animation_starting_opacity=&#8220;100%&#8220; global_colors_info=&#8220;{}&#8220;][\/et_pb_divider][\/et_pb_column][\/et_pb_row][et_pb_row _builder_version=&#8220;4.4.7&#8243; global_colors_info=&#8220;{}&#8220;][et_pb_column type=&#8220;4_4&#8243; _builder_version=&#8220;4.4.7&#8243; global_colors_info=&#8220;{}&#8220;][et_pb_text _builder_version=&#8220;4.4.8&#8243; text_font=&#8220;Poppins||||||||&#8220; text_text_color=&#8220;#595651&#8243; text_font_size=&#8220;16px&#8220; text_line_height=&#8220;1.8em&#8220; global_colors_info=&#8220;{}&#8220;]<\/p>\n<p>Hast du Lust bekommen, deinem Leben eine neue Richtung zu geben, so bieten sich mehrere Optionen, abh\u00e4ngig von deiner Zeit und deinen Zielen.<\/p>\n<p>[\/et_pb_text][\/et_pb_column][\/et_pb_row][et_pb_row _builder_version=&#8220;4.4.8&#8243; global_colors_info=&#8220;{}&#8220;][et_pb_column type=&#8220;4_4&#8243; _builder_version=&#8220;4.4.8&#8243; global_colors_info=&#8220;{}&#8220;][et_pb_image src=&#8220;https:\/\/naturalcare.de\/de\/wp-content\/uploads\/sites\/2\/2020\/07\/woman-meditating-buddhism-zen.jpg&#8220; alt=&#8220;woman meditating buddhism zen&#8220; title_text=&#8220;woman-meditating-buddhism-zen&#8220; align=&#8220;center&#8220; force_fullwidth=&#8220;on&#8220; _builder_version=&#8220;4.5.1&#8243; global_colors_info=&#8220;{}&#8220;][\/et_pb_image][\/et_pb_column][\/et_pb_row][\/et_pb_section][et_pb_section fb_built=&#8220;1&#8243; _builder_version=&#8220;4.4.9&#8243; background_color=&#8220;#eae8e8&#8243; global_colors_info=&#8220;{}&#8220;][et_pb_row _builder_version=&#8220;4.4.9&#8243; background_color=&#8220;#ffffff&#8220; module_alignment=&#8220;center&#8220; custom_margin=&#8220;50px|738px|50px|auto|true|false&#8220; custom_padding=&#8220;50px||50px||true|&#8220; box_shadow_style=&#8220;preset1&#8243; box_shadow_color=&#8220;rgba(0,0,0,0.2)&#8220; global_colors_info=&#8220;{}&#8220;][et_pb_column type=&#8220;4_4&#8243; _builder_version=&#8220;4.4.8&#8243; global_colors_info=&#8220;{}&#8220;][et_pb_blurb title=&#8220;1:1 Coaching&#8220; use_icon=&#8220;on&#8220; font_icon=&#8220;&#xe0f5;||divi||400&#8243; icon_color=&#8220;#bf4539&#8243; _builder_version=&#8220;4.13.0&#8243; header_font=&#8220;Poppins|700|||||||&#8220; header_text_align=&#8220;center&#8220; header_text_color=&#8220;#bf4539&#8243; header_font_size=&#8220;26px&#8220; body_font=&#8220;Poppins||||||||&#8220; body_font_size=&#8220;16px&#8220; body_line_height=&#8220;1.8em&#8220; background_enable_color=&#8220;off&#8220; custom_padding=&#8220;50px|20px|50px|20px|true|true&#8220; border_color_all=&#8220;rgba(112,112,112,0.5)&#8220; global_colors_info=&#8220;{}&#8220;]<\/p>\n<p>Als Gesundheitsf\u00f6rderungscoach und Coach f\u00fcr Resilienz biete ich <strong>ma\u00dfgeschneiderte L\u00f6sungen<\/strong> f\u00fcr dich im <strong>1:1 Coaching<\/strong>. Wenn du eine intensive Unterst\u00fctzung in gesch\u00fctzter Atmosph\u00e4re m\u00f6chtest, dann w\u00e4re das 1:1 Coaching genau das Richtige f\u00fcr dich. Dieses sehr pers\u00f6nliche Coaching setzt sich in der Regel aus 6-12 Sitzungen zusammen, je nachdem welche Themen du mitbringst, welche Ziele du im Coaching entwickeln, wieviel Zeit du in dich selbst investieren m\u00f6chtest, und wie ernst du es meinst. Eine l\u00e4ngere Coachingdauer kann besprochen und entsprechend verl\u00e4ngert werden.<\/p>\n<p>[\/et_pb_blurb][et_pb_button button_url=&#8220;@ET-DC@eyJkeW5hbWljIjp0cnVlLCJjb250ZW50IjoicG9zdF9saW5rX3VybF9wYWdlIiwic2V0dGluZ3MiOnsicG9zdF9pZCI6IjMxIn19@&#8220; button_text=&#8220;Heute Anmelden!&#8220; button_alignment=&#8220;center&#8220; _builder_version=&#8220;4.13.0&#8243; _dynamic_attributes=&#8220;button_url&#8220; custom_button=&#8220;on&#8220; button_text_size=&#8220;20px&#8220; button_text_color=&#8220;#ffffff&#8220; button_bg_color=&#8220;#bf4539&#8243; button_border_width=&#8220;0px&#8220; button_border_color=&#8220;#fdb467&#8243; button_border_radius=&#8220;50px&#8220; button_letter_spacing=&#8220;2px&#8220; button_font=&#8220;Poppins|600||on|||||&#8220; button_icon=&#8220;&#x24;||divi||400&#8243; custom_margin=&#8220;40px|||&#8220; animation_style=&#8220;fade&#8220; global_colors_info=&#8220;{}&#8220;][\/et_pb_button][\/et_pb_column][\/et_pb_row][et_pb_row _builder_version=&#8220;4.4.9&#8243; background_color=&#8220;#ffffff&#8220; module_alignment=&#8220;center&#8220; custom_margin=&#8220;50px|738px|50px|auto|true|false&#8220; custom_padding=&#8220;50px||50px||true|&#8220; box_shadow_style=&#8220;preset1&#8243; box_shadow_color=&#8220;rgba(0,0,0,0.2)&#8220; global_colors_info=&#8220;{}&#8220;][et_pb_column type=&#8220;4_4&#8243; _builder_version=&#8220;4.4.8&#8243; global_colors_info=&#8220;{}&#8220;][et_pb_blurb title=&#8220;Seminare&#8220; use_icon=&#8220;on&#8220; font_icon=&#8220;&#xe08b;||divi||400&#8243; icon_color=&#8220;#bf4539&#8243; _builder_version=&#8220;4.13.0&#8243; header_font=&#8220;Poppins|700|||||||&#8220; header_text_align=&#8220;center&#8220; header_text_color=&#8220;#bf4539&#8243; header_font_size=&#8220;26px&#8220; body_font=&#8220;Poppins||||||||&#8220; body_font_size=&#8220;16px&#8220; body_line_height=&#8220;1.8em&#8220; background_enable_color=&#8220;off&#8220; custom_padding=&#8220;20px|20px|20px|20px|true|true&#8220; border_color_all=&#8220;rgba(112,112,112,0.5)&#8220; global_colors_info=&#8220;{}&#8220;]<\/p>\n<p>Bevorzugst du lieber die Vorteile der Gruppendynamik, die Empathie und Unterst\u00fctzung durch die Gemeinschaft und die Teamarbeit in Hinblick auf die Entwicklung von L\u00f6sungen und Strategien, dann ist ein <strong>Seminar in der Gruppe<\/strong> sicherlich die bessere Option. Die Seminare werden als 1-Tages, 2-Tages (meistens an Wochenenden) oder als einw\u00f6chiges Seminar angeboten in kleinen Gruppen von min. 4 bis max. 10 Teilnehmer\/Innen. Die kleine Teilnehmeranzahl macht diese Seminare sehr wertvoll, pers\u00f6nlich und exklusiv. Qualit\u00e4t ist mir wichtiger als Quantit\u00e4t. Deshalb gibt es w\u00e4hrend eines Wochenseminars immer die Option ein zus\u00e4tzliches 1:1 Coaching zu buchen, soweit Kapazit\u00e4ten frei sind.<\/p>\n<p>[\/et_pb_blurb][et_pb_button button_url=&#8220;@ET-DC@eyJkeW5hbWljIjp0cnVlLCJjb250ZW50IjoicG9zdF9saW5rX3VybF9wYWdlIiwic2V0dGluZ3MiOnsicG9zdF9pZCI6IjMxIn19@&#8220; button_text=&#8220;Heute Anmelden!&#8220; button_alignment=&#8220;center&#8220; _builder_version=&#8220;4.13.0&#8243; _dynamic_attributes=&#8220;button_url&#8220; custom_button=&#8220;on&#8220; button_text_size=&#8220;20px&#8220; button_text_color=&#8220;#ffffff&#8220; button_bg_color=&#8220;#bf4539&#8243; button_border_width=&#8220;0px&#8220; button_border_color=&#8220;#fdb467&#8243; button_border_radius=&#8220;50px&#8220; button_letter_spacing=&#8220;2px&#8220; button_font=&#8220;Poppins|600||on|||||&#8220; button_icon=&#8220;&#x24;||divi||400&#8243; custom_margin=&#8220;40px|||&#8220; animation_style=&#8220;fade&#8220; global_colors_info=&#8220;{}&#8220;][\/et_pb_button][\/et_pb_column][\/et_pb_row][et_pb_row _builder_version=&#8220;4.4.9&#8243; background_color=&#8220;#ffffff&#8220; module_alignment=&#8220;center&#8220; custom_margin=&#8220;50px|738px|50px|auto|true|false&#8220; custom_padding=&#8220;50px||50px||true|&#8220; box_shadow_style=&#8220;preset1&#8243; box_shadow_color=&#8220;rgba(0,0,0,0.2)&#8220; global_colors_info=&#8220;{}&#8220;][et_pb_column type=&#8220;4_4&#8243; _builder_version=&#8220;4.4.8&#8243; global_colors_info=&#8220;{}&#8220;][et_pb_blurb title=&#8220;Retreats&#8220; use_icon=&#8220;on&#8220; font_icon=&#8220;&#xe089;||divi||400&#8243; icon_color=&#8220;#bf4539&#8243; _builder_version=&#8220;4.13.0&#8243; header_font=&#8220;Poppins|700|||||||&#8220; header_text_align=&#8220;center&#8220; header_text_color=&#8220;#bf4539&#8243; header_font_size=&#8220;26px&#8220; body_font=&#8220;Poppins||||||||&#8220; body_font_size=&#8220;16px&#8220; body_line_height=&#8220;1.8em&#8220; background_enable_color=&#8220;off&#8220; custom_padding=&#8220;20px|20px|20px|20px|true|true&#8220; border_color_all=&#8220;rgba(112,112,112,0.5)&#8220; global_colors_info=&#8220;{}&#8220;]<\/p>\n<p>M\u00f6chtest du gerne Seminar und Urlaub miteinander verbinden, so sind meine <a href=\"https:\/\/naturalcare.de\/de\/dates\/retreats\/\"><strong>Retreats <\/strong><\/a>die optimale L\u00f6sung und die Luxusvariante. Ich gebe mein Bestes, f\u00fcr die Retreats ein sch\u00f6nes und gem\u00fctliches Ambiente zu schaffen, damit sich alle wohl und geborgen f\u00fchlen. Die meisten Retreats finden auch an au\u00dfergew\u00f6hnlich sch\u00f6nen Orten statt in privat gef\u00fchrten Unterk\u00fcnften, wo die Gruppe ganz f\u00fcr sich sein kann. Viele dieser Orte bieten die M\u00f6glichkeit, nach dem Seminar noch etwas Urlaubszeit dranzuh\u00e4ngen, um die Umgebung, die Menschen und ihre Kultur genie\u00dfen zu k\u00f6nnen oder um ganz einfach zur Erholung eine Extrazeit zu nehmen.\u00a0<\/p>\n<p>Aktuelle Termine findest du <a href=\"https:\/\/naturalcare.de\/de\/dates\/retreats\/\">hier<\/a>.<\/p>\n<p>&nbsp;<\/p>\n<p>[\/et_pb_blurb][et_pb_button button_url=&#8220;@ET-DC@eyJkeW5hbWljIjp0cnVlLCJjb250ZW50IjoicG9zdF9saW5rX3VybF9wYWdlIiwic2V0dGluZ3MiOnsicG9zdF9pZCI6IjMxIn19@&#8220; button_text=&#8220;Heute Anmelden!&#8220; button_alignment=&#8220;center&#8220; _builder_version=&#8220;4.13.0&#8243; _dynamic_attributes=&#8220;button_url&#8220; custom_button=&#8220;on&#8220; button_text_size=&#8220;20px&#8220; button_text_color=&#8220;#ffffff&#8220; button_bg_color=&#8220;#bf4539&#8243; button_border_width=&#8220;0px&#8220; button_border_color=&#8220;#fdb467&#8243; button_border_radius=&#8220;50px&#8220; button_letter_spacing=&#8220;2px&#8220; button_font=&#8220;Poppins|600||on|||||&#8220; button_icon=&#8220;&#x24;||divi||400&#8243; custom_margin=&#8220;40px|||&#8220; animation_style=&#8220;fade&#8220; global_colors_info=&#8220;{}&#8220;][\/et_pb_button][\/et_pb_column][\/et_pb_row][\/et_pb_section][et_pb_section fb_built=&#8220;1&#8243; _builder_version=&#8220;4.5.1&#8243; background_enable_color=&#8220;off&#8220; background_image=&#8220;https:\/\/naturalcare.de\/de\/wp-content\/uploads\/sites\/2\/2020\/07\/Lake-Tekapo-panorama-bk-70.jpg&#8220; parallax=&#8220;on&#8220; custom_padding=&#8220;50px||50px||true|&#8220; global_colors_info=&#8220;{}&#8220;][et_pb_row column_structure=&#8220;3_5,2_5&#8243; use_custom_gutter=&#8220;on&#8220; make_equal=&#8220;on&#8220; module_class=&#8220; et_pb_row_fullwidth&#8220; _builder_version=&#8220;4.4.9&#8243; background_enable_color=&#8220;off&#8220; width_tablet=&#8220;80%&#8220; width_phone=&#8220;&#8220; width_last_edited=&#8220;on|desktop&#8220; max_width=&#8220;100%&#8220; max_width_tablet=&#8220;100%&#8220; max_width_phone=&#8220;&#8220; max_width_last_edited=&#8220;on|desktop&#8220; custom_margin=&#8220;|||&#8220; border_radii=&#8220;on|5px|5px|5px|5px&#8220; global_colors_info=&#8220;{}&#8220;][et_pb_column type=&#8220;3_5&#8243; _builder_version=&#8220;4.4.7&#8243; global_colors_info=&#8220;{}&#8220;][et_pb_text _builder_version=&#8220;4.4.8&#8243; text_font=&#8220;Poppins|500|||||||&#8220; text_text_color=&#8220;#ffffff&#8220; text_font_size=&#8220;24px&#8220; text_line_height=&#8220;1.8em&#8220; global_colors_info=&#8220;{}&#8220;]<\/p>\n<p>Registrieren Sie sich noch heute f\u00fcr eine kostenlose Beratung ohne Verpflichtung.<\/p>\n<p>[\/et_pb_text][\/et_pb_column][et_pb_column type=&#8220;2_5&#8243; _builder_version=&#8220;4.4.7&#8243; global_colors_info=&#8220;{}&#8220;][et_pb_button button_url=&#8220;@ET-DC@eyJkeW5hbWljIjp0cnVlLCJjb250ZW50IjoicG9zdF9saW5rX3VybF9wYWdlIiwic2V0dGluZ3MiOnsicG9zdF9pZCI6IjMxIn19@&#8220; button_text=&#8220;kontaktiere mich&#8220; button_alignment=&#8220;right&#8220; _builder_version=&#8220;4.5.1&#8243; _dynamic_attributes=&#8220;button_url&#8220; custom_button=&#8220;on&#8220; button_text_color=&#8220;#ffffff&#8220; button_bg_color=&#8220;rgba(0,0,0,0)&#8220; button_border_width=&#8220;3px&#8220; button_border_color=&#8220;#ffffff&#8220; button_border_radius=&#8220;100px&#8220; button_font=&#8220;Poppins|600|||||||&#8220; global_colors_info=&#8220;{}&#8220;][\/et_pb_button][\/et_pb_column][\/et_pb_row][\/et_pb_section][et_pb_section fb_built=&#8220;1&#8243; _builder_version=&#8220;4.4.7&#8243; global_colors_info=&#8220;{}&#8220;][et_pb_row _builder_version=&#8220;4.4.8&#8243; global_colors_info=&#8220;{}&#8220;][et_pb_column type=&#8220;4_4&#8243; _builder_version=&#8220;4.4.8&#8243; global_colors_info=&#8220;{}&#8220;][et_pb_text ul_position=&#8220;inside&#8220; _builder_version=&#8220;4.4.9&#8243; text_font=&#8220;Poppins||||||||&#8220; text_font_size=&#8220;16px&#8220; ul_font=&#8220;Poppins||||||||&#8220; ul_text_color=&#8220;#bf4539&#8243; ul_font_size=&#8220;16px&#8220; global_colors_info=&#8220;{}&#8220;]<\/p>\n<p>Die Seminare und Retreats variieren bezogen auf den jeweiligen Schwerpunkt:<\/p>\n<ul>\n<li><strong>Fastenwoche<\/strong><\/li>\n<li><strong>Gesunde Ern\u00e4hrung und Bewegung<\/strong><\/li>\n<li><strong>Herzresilienz \/ Stressreduktion<\/strong><\/li>\n<li><strong>Neues Mindset und Mindset Movement<\/strong><\/li>\n<li><strong>Rebalance \u2013 Restore \u2013 Regain \u2013 Retreat<\/strong><\/li>\n<\/ul>\n<p>N\u00e4here Informationen und Beschreibungen zu den Seminaren findest du unter dem Men\u00fcpunkt \u201e <strong>Termine<\/strong>\u201c oder wenn du das jeweilige Seminar hier anklickst.<\/p>\n<p>[\/et_pb_text][\/et_pb_column][\/et_pb_row][\/et_pb_section]<\/p>\n","protected":false},"excerpt":{"rendered":"<p>Meine AngeboteHast du Lust bekommen, deinem Leben eine neue Richtung zu geben, so bieten sich mehrere Optionen, abh\u00e4ngig von deiner Zeit und deinen Zielen.Als Gesundheitsf\u00f6rderungscoach und Coach f\u00fcr Resilienz biete ich ma\u00dfgeschneiderte L\u00f6sungen f\u00fcr dich im 1:1 Coaching. Wenn du eine intensive Unterst\u00fctzung in gesch\u00fctzter Atmosph\u00e4re m\u00f6chtest, dann w\u00e4re das 1:1 Coaching genau das Richtige [&hellip;]<\/p>\n","protected":false},"author":1,"featured_media":0,"parent":0,"menu_order":0,"comment_status":"closed","ping_status":"closed","template":"","meta":{"_et_pb_use_builder":"on","_et_pb_old_content":"<!-- wp:divi\/placeholder \/-->","_et_gb_content_width":"","inline_featured_image":false},"_links":{"self":[{"href":"https:\/\/naturalcare.de\/de\/wp-json\/wp\/v2\/pages\/25"}],"collection":[{"href":"https:\/\/naturalcare.de\/de\/wp-json\/wp\/v2\/pages"}],"about":[{"href":"https:\/\/naturalcare.de\/de\/wp-json\/wp\/v2\/types\/page"}],"author":[{"embeddable":true,"href":"https:\/\/naturalcare.de\/de\/wp-json\/wp\/v2\/users\/1"}],"replies":[{"embeddable":true,"href":"https:\/\/naturalcare.de\/de\/wp-json\/wp\/v2\/comments?post=25"}],"version-history":[{"count":10,"href":"https:\/\/naturalcare.de\/de\/wp-json\/wp\/v2\/pages\/25\/revisions"}],"predecessor-version":[{"id":1041,"href":"https:\/\/naturalcare.de\/de\/wp-json\/wp\/v2\/pages\/25\/revisions\/1041"}],"wp:attachment":[{"href":"https:\/\/naturalcare.de\/de\/wp-json\/wp\/v2\/media?parent=25"}],"curies":[{"name":"wp","href":"https:\/\/api.w.org\/{rel}","templated":true}]}}