{"id":23,"date":"2020-05-28T17:00:03","date_gmt":"2020-05-28T17:00:03","guid":{"rendered":"https:\/\/naturalcare.vincentwebdesign.de\/?page_id=23"},"modified":"2020-11-23T16:28:27","modified_gmt":"2020-11-23T16:28:27","slug":"uber-mich","status":"publish","type":"page","link":"https:\/\/naturalcare.de\/de\/uber-mich\/","title":{"rendered":"\u00dcber mich"},"content":{"rendered":"<p>[et_pb_section fb_built=&#8220;1&#8243; fullwidth=&#8220;on&#8220; _builder_version=&#8220;4.4.8&#8243; background_enable_color=&#8220;off&#8220; background_enable_image=&#8220;off&#8220;][et_pb_fullwidth_header title=&#8220;Du bist, was du denkst, f\u00fchlst und isst&#8220; _builder_version=&#8220;4.5.1&#8243; title_level=&#8220;h3&#8243; title_font=&#8220;Poppins|700|||||||&#8220; title_font_size=&#8220;32px&#8220; content_font=&#8220;Poppins|700|||||||&#8220; content_font_size=&#8220;23px&#8220; content_letter_spacing=&#8220;1px&#8220; background_color=&#8220;rgba(0,0,0,0)&#8220; background_image=&#8220;https:\/\/naturalcare.de\/de\/wp-content\/uploads\/sites\/2\/2020\/07\/Lake-Tekapo-panorama-rot-70.jpg&#8220; title_text_shadow_style=&#8220;preset1&#8243; title_text_shadow_vertical_length=&#8220;0.13em&#8220; title_text_shadow_color=&#8220;rgba(0,0,0,0.24)&#8220;][\/et_pb_fullwidth_header][\/et_pb_section][et_pb_section fb_built=&#8220;1&#8243; _builder_version=&#8220;4.4.7&#8243;][et_pb_row _builder_version=&#8220;4.4.7&#8243;][et_pb_column type=&#8220;4_4&#8243; _builder_version=&#8220;4.4.7&#8243;][et_pb_text _builder_version=&#8220;4.4.9&#8243; header_font=&#8220;Poppins||||||||&#8220; header_text_color=&#8220;#bf4539&#8243; header_font_size=&#8220;36px&#8220; custom_margin=&#8220;||-1px|||&#8220;]<\/p>\n<h1><strong>\u00dcber mich<\/strong><\/h1>\n<p>[\/et_pb_text][et_pb_divider color=&#8220;#fdb467&#8243; divider_position=&#8220;center&#8220; divider_weight=&#8220;3px&#8220; _builder_version=&#8220;4.4.7&#8243; max_width=&#8220;50px&#8220; module_alignment=&#8220;left&#8220; animation_style=&#8220;slide&#8220; animation_direction=&#8220;top&#8220; animation_intensity_slide=&#8220;10%&#8220; animation_starting_opacity=&#8220;100%&#8220;][\/et_pb_divider][\/et_pb_column][\/et_pb_row][et_pb_row column_structure=&#8220;3_5,2_5&#8243; _builder_version=&#8220;4.4.7&#8243;][et_pb_column type=&#8220;3_5&#8243; _builder_version=&#8220;4.4.7&#8243;][et_pb_text _builder_version=&#8220;4.4.9&#8243; text_font=&#8220;Poppins||||||||&#8220; text_text_color=&#8220;#595651&#8243; text_font_size=&#8220;16px&#8220; text_line_height=&#8220;1.8em&#8220;]<\/p>\n<p><strong>Hallo! Ich bin Doris.<\/strong><\/p>\n<p>Der Name meiner Webseite \u201e<strong>natural Care\u201c<\/strong> bedeutet f\u00fcr mich ganzheitliche und nat\u00fcrliche F\u00fcrsorge f\u00fcr sich selbst. F\u00fcr sich selbst gut zu sorgen auf allen Ebenen \u2013 k\u00f6rperlich, emotional und mental &#8211; ist der beste Weg zu einer optimalen Gesundheit.<\/p>\n<p>Als Coach f\u00fcr Gesundheitsf\u00f6rderung und Resilienz liegt es mir am Herzen, mein Wissen und meine Erfahrung mit dir zu teilen und dich dabei zu unterst\u00fctzen, deine Ziele zu erreichen.<\/p>\n<p>Um den ersten Schritt zur Ver\u00e4nderung zu nehmen und mit mir als Coach zu arbeiten, m\u00f6chtest du vielleicht erstmal etwas \u00fcber mich als Person erfahren.<\/p>\n<p>Mein Name lautet Doris Kalkhorst-Martens.<\/p>\n<p>In den USA geboren und dort zweisprachig aufgewachsen zog meine Familie mit mir nach Deutschland als ich im Teenageralter war. Immer wissbegierig, nach Antworten und L\u00f6sungen suchend und voller Lebensfreude habe ich bis jetzt auf meinem privaten wie auch beruflichen Lebensweg wunderbare und herausfordernde Erfahrungen machen d\u00fcrfen.<\/p>\n<p>Als Familienmanagerin, Mutter zweier inzwischen erwachsener S\u00f6hne, engagiert in ehrenamtlicher Arbeit, und mehr als zwanzig Jahre selbst\u00e4ndig als ganzheitliche Kosmetikerin mit eigener Praxis, Day Spa und Ladengesch\u00e4ft in der Innenstadt wei\u00df ich sehr genau, was es bedeutet, multitaskingf\u00e4hig zu sein. Mitten im Leben f\u00fchrte emotionaler Stress dann zu einem Herzinfarkt, und mein K\u00f6rper zeigte mir meine Grenzen auf.<\/p>\n<p>Das war der Wendepunkt in meinem Leben, der mich dorthin f\u00fchrte, wo ich mich heute befinde.<\/p>\n<p>Da ich nicht ein Leben lang Medikamente nehmen und\u00a0 <strong>keine Symptombek\u00e4mpfung sondern Ursachenforschung<\/strong> betreiben wollte, begab ich mich auf die Reise in die Eigenverantwortung, des Loslassens der Vergangenheit, verkaufte mein Gesch\u00e4ft, und begann mich pers\u00f6nlich und beruflich neu auszurichten durch Weiterbildungen in Gesundheitsf\u00f6rderung, als Coach und Trainerin f\u00fcr Resilienz, Heilpraktikerin f\u00fcr Psychotherapie sowie Hypnose in Bewegung, Fastenkurse, Meditation und Mindset Movement.<\/p>\n<p>Ich genie\u00dfe es, mein \u201ebewusst Sein\u201c t\u00e4glich zu erweitern, Achtsamkeit zu \u00fcben, in die komplette Eigenverantwortung zu gehen, gut f\u00fcr mich sorgen in allen Bereichen der Gesundheit wie Ern\u00e4hrung, Entgiftung, Resilienz, und habe auf diesem Weg die sch\u00f6nsten Geschenke erhalten: Freiheit, Gesundheit, Liebe und Frieden.<\/p>\n<p>&nbsp;<\/p>\n<p>Seit 2014 unterst\u00fctze ich Menschen dabei, Stress, \u00c4ngste und Blockaden abzubauen, alte Glaubenss\u00e4tze in neue zu transformieren, ihren Selbstwert zu st\u00e4rken, neue private und berufliche Perspektiven zu entwickeln und damit ihr Leben mit Freude, Liebe und Zufriedenheit zu bereichern sowie Wissen zu vermitteln \u00fcber Gesundheit, gesunde Ern\u00e4hrung, Entgiftung und Bewegung.<\/p>\n<p>&nbsp;<\/p>\n<p>Erfolg hat drei Buchstaben: \u201e<strong>TUN<\/strong>\u201c<\/p>\n<p>Du kannst nur aus Erfahrungen lernen und dich damit weiterentwickeln.<\/p>\n<p>[\/et_pb_text][\/et_pb_column][et_pb_column type=&#8220;2_5&#8243; _builder_version=&#8220;4.4.7&#8243;][et_pb_image src=&#8220;https:\/\/naturalcare.de\/de\/wp-content\/uploads\/sites\/2\/2020\/07\/Hawaii.jpeg&#8220; alt=&#8220;Hawaii&#8220; title_text=&#8220;Hawaii&#8220; _builder_version=&#8220;4.5.1&#8243; custom_padding=&#8220;51px|||||&#8220;][\/et_pb_image][et_pb_cta title=&#8220;Doris Kalkhorst-Martens&#8220; button_url=&#8220;@ET-DC@eyJkeW5hbWljIjp0cnVlLCJjb250ZW50IjoicG9zdF9saW5rX3VybF9wYWdlIiwic2V0dGluZ3MiOnsicG9zdF9pZCI6IjMxIn19@&#8220; button_text=&#8220;Get in Connect&#8220; _builder_version=&#8220;4.4.9&#8243; _dynamic_attributes=&#8220;button_url&#8220; header_font=&#8220;Poppins|600|||||||&#8220; header_text_align=&#8220;left&#8220; header_text_color=&#8220;#bf4539&#8243; body_font=&#8220;Poppins|300|on||||||&#8220; body_text_align=&#8220;left&#8220; body_text_color=&#8220;#707070&#8243; background_enable_color=&#8220;off&#8220; custom_button=&#8220;on&#8220; button_text_color=&#8220;#595651&#8243; button_border_radius=&#8220;47px&#8220; button_font=&#8220;Poppins|600|||||||&#8220; button_alignment=&#8220;left&#8220; custom_padding=&#8220;3px|0px||0px|false|false&#8220; border_color_all=&#8220;#eae8e8&#8243;]<\/p>\n<p>Seit 2014 unterst\u00fctze ich Menschen dabei, Stress, \u00c4ngste und Blockaden abzubauen, alte Glaubenss\u00e4tze in neue zu transformieren, ihren Selbstwert zu st\u00e4rken, neue private und berufliche Perspektiven&#8230;..<\/p>\n<p>[\/et_pb_cta][\/et_pb_column][\/et_pb_row][\/et_pb_section]<\/p>\n","protected":false},"excerpt":{"rendered":"<p>\u00dcber michHallo! Ich bin Doris. Der Name meiner Webseite \u201enatural Care\u201c bedeutet f\u00fcr mich ganzheitliche und nat\u00fcrliche F\u00fcrsorge f\u00fcr sich selbst. F\u00fcr sich selbst gut zu sorgen auf allen Ebenen \u2013 k\u00f6rperlich, emotional und mental &#8211; ist der beste Weg zu einer optimalen Gesundheit. Als Coach f\u00fcr Gesundheitsf\u00f6rderung und Resilienz liegt es mir am Herzen, [&hellip;]<\/p>\n","protected":false},"author":1,"featured_media":0,"parent":0,"menu_order":0,"comment_status":"closed","ping_status":"closed","template":"","meta":{"_et_pb_use_builder":"on","_et_pb_old_content":"","_et_gb_content_width":"","inline_featured_image":false},"_links":{"self":[{"href":"https:\/\/naturalcare.de\/de\/wp-json\/wp\/v2\/pages\/23"}],"collection":[{"href":"https:\/\/naturalcare.de\/de\/wp-json\/wp\/v2\/pages"}],"about":[{"href":"https:\/\/naturalcare.de\/de\/wp-json\/wp\/v2\/types\/page"}],"author":[{"embeddable":true,"href":"https:\/\/naturalcare.de\/de\/wp-json\/wp\/v2\/users\/1"}],"replies":[{"embeddable":true,"href":"https:\/\/naturalcare.de\/de\/wp-json\/wp\/v2\/comments?post=23"}],"version-history":[{"count":8,"href":"https:\/\/naturalcare.de\/de\/wp-json\/wp\/v2\/pages\/23\/revisions"}],"predecessor-version":[{"id":824,"href":"https:\/\/naturalcare.de\/de\/wp-json\/wp\/v2\/pages\/23\/revisions\/824"}],"wp:attachment":[{"href":"https:\/\/naturalcare.de\/de\/wp-json\/wp\/v2\/media?parent=23"}],"curies":[{"name":"wp","href":"https:\/\/api.w.org\/{rel}","templated":true}]}}